{"id":928,"date":"2017-03-21T09:59:05","date_gmt":"2017-03-21T08:59:05","guid":{"rendered":"http:\/\/golf-entreprise-ara.org\/wpara\/?page_id=928"},"modified":"2018-12-03T20:39:09","modified_gmt":"2018-12-03T19:39:09","slug":"bonnes-resolutions","status":"publish","type":"page","link":"https:\/\/golf-entreprise-ara.org\/wpara\/bonnes-resolutions\/","title":{"rendered":"Bonnes r\u00e9solutions &#8230;. permanentes !"},"content":{"rendered":"<p><strong><span style=\"font-size: 16pt;\">N\u00b01 :\u00a0 \u00a0Halte au jeu lent !<\/span><\/strong><\/p>\n<p><span style=\"font-size: 12pt;\"><strong>Marre de d\u00e9jeuner \u00e0 15h ( et + ) apr\u00e8s un shot-gun\u00a0 d\u00e9but\u00e9 \u00e0 9h ?<br \/>\nMarre de mettre pr\u00e8s de 6 heures pour un parcours\u00a0 ?<br \/>\n<\/strong><\/span><\/p>\n<p>Le jeu lent est l\u2019une des plaies majeures du golf !\u00a0 Comment jouer en 4h environ ?<br \/>\nSimple :<strong> il faut que chaque joueur \u00ab gagne \u00bb 10 secondes sur chaque coup !<br \/>\n<\/strong><br \/>\n<strong>Faites le calcul :<\/strong><br \/>\n<span style=\"font-size: 8pt;\">3 joueurs, 90 coups en moyenne ( ? ) chacun, soit un total de 270 coups<\/span><br \/>\n<span style=\"font-size: 8pt;\"> 10 secondes gagn\u00e9es par coup ? <strong>2700 secondes, soit 45 minutes<\/strong> !<br \/>\nEn partie de 4, on \u00ab\u00a0gagne\u00a0\u00bb ainsi <strong> 3600 secondes, soit 1h ! <\/strong> Une heure &#8230;. le bonheur !<\/span><\/p>\n<p><strong><span style=\"font-size: 14pt;\">Comment faire pour gagner 10 secondes \/ coup ?<\/span><\/strong><\/p>\n<p><strong>Partout :<\/strong> Limitez le nombre de coups d&rsquo;essai \u00e0 2 ( 1 serait encore mieux ! )<\/p>\n<p><strong>Sur le d\u00e9part<\/strong><br \/>\n\u2022 Pr\u00e9parez vous \u00e0 jouer en arrivant sur l\u2019aire de d\u00e9part<br \/>\n\u2022 Placez vous de fa\u00e7on \u00e0 ne pas g\u00eaner vos partenaires<br \/>\n\u2022 Prenez un tee, sortez le club que vous allez utiliser, nettoyez votre balle \u2026<br \/>\n\u2022 Ayez une balle suppl\u00e9mentaire dans votre poche pour pouvoir jouer une balle provisoire<br \/>\n\u2022 Regardez la tomb\u00e9e de balle de vos partenaires afin de leur indiquer la position<\/p>\n<p><strong>Sur le parcours<\/strong><br \/>\n\u2022 Marchez rapidement entre les coups<br \/>\n\u2022 V\u00e9rifiez la distance \u00e0 jouer<br \/>\n\u2022 S\u00e9lectionnez votre club et soyez pr\u00eat \u00e0 jouer imm\u00e9diatement lorsque c&rsquo;est votre tour<br \/>\n\u2022 Si vous pensez que votre balle peut \u00eatre perdue ou hors limites, jouez une balle provisoire en l\u2019annon\u00e7ant clairement, avec sa marque et son num\u00e9ro<\/p>\n<p><strong>Dans les bunkers<\/strong><br \/>\n\u2022 Avant de descendre dans le bunker, emportez un r\u00e2teau<br \/>\n\u2022 Jouez sans attendre<br \/>\n\u2022 Ratissez le sable en vous retirant \u00e0 reculons<\/p>\n<p><strong>Sur le green<\/strong><br \/>\n\u2022 Avant d&rsquo;aller putter, laissez votre chariot ou votre sac du c\u00f4t\u00e9 du d\u00e9part suivant<br \/>\n\u2022 N\u2019attendez pas qu\u2019on vous le demande pour marquer l\u2019emplacement de votre balle<br \/>\n\u2022 Etudiez votre ligne de putt discr\u00e8tement, sans g\u00eaner vos partenaires visuellement, par vos d\u00e9placements ou en marchant sur leur ligne de putt<br \/>\n\u2022 Quittez le green pour marquer les scores sur le d\u00e9part suivant<\/p>\n<p style=\"text-align: left;\"><span style=\"font-size: 12pt;\"><strong>Votre position sur le parcours est juste derri\u00e8re la partie qui vous pr\u00e9c\u00e8de !<\/strong><\/span><br \/>\n<span style=\"font-size: 12pt;\"> <strong><span style=\"color: #ff0000;\">Pas juste devant celle qui vous suit !\u00a0\u00a0<\/span>\u00a0 \u00a0 A vous de jouer !<\/strong><\/span><\/p>\n<p style=\"text-align: left;\">******************************************************************************<\/p>\n<p><span style=\"font-size: 18pt;\"><strong>N\u00b02 :\u00a0 <\/strong><\/span><strong><span style=\"font-size: 18pt;\">R<\/span><span style=\"font-size: 16pt;\"><span style=\"font-size: 18pt;\">especter les autres joueurs<\/span><br \/>\n<\/span><\/strong><\/p>\n<p>Vous avez sans doute d\u00e9j\u00e0 v\u00e9cu cette situation ( sur chaque green ! ) :<br \/>\nla pr\u00e9sence de partenaires commentateurs &#8230;. qui oublient que les autres n&rsquo;ont pas encore jou\u00e9 !<\/p>\n<p>Vous avez donc droit \u00e0 :<br \/>\n&#8211; le green ne roule pas ( ou roule beaucoup )<br \/>\n&#8211; il y a une pente que je n&rsquo;avais pas vue, ou j&rsquo;ai jou\u00e9 la pente, mais il n&rsquo;y en a pas &#8230;.<br \/>\n&#8211; il faut jouer bord droit ( ou gauche )<br \/>\n&#8211; le bord du trou est en mauvais \u00e9tat, c&rsquo;est pour \u00e7a que &#8230;..<br \/>\n&#8211; d&rsquo;habitude je rentre tous les putts \u00e0 cette distance &#8230;.<br \/>\n&#8211; mouvements d&rsquo;humeur et autres injures &#8230;<br \/>\n&#8211; j&rsquo;ai fait 6, \u00e7a me fait bogey &#8230;.. j&rsquo;\u00e9tais en 4 au green et 2putts<br \/>\n&#8211; si je ne compte pas l\u2019air shot et la balle hors limites, je fais le par &#8230;<br \/>\netc &#8230;&#8230;<\/p>\n<p>Bien s\u00fbr, muni de ces \u00ab\u00a0conseils et infos\u00a0\u00bb, c&rsquo;est \u00e0 votre tour de jouer sereinement !<\/p>\n<p><strong>Que faire ? Il faut mettre les choses au clair d\u00e8s le 1er trou, en expliquant \u00e0 ses<\/strong><br \/>\n<strong>partenaires que chacun jouera mieux en gardant ses conseils pour lui-m\u00eame !<\/strong><\/p>\n<p>Essayez&#8230; vous appr\u00e9cierez de jouer \u00ab\u00a0en paix\u00a0\u00bb sur les greens !<\/p>\n<p>*****************************************************************************<\/p>\n","protected":false},"excerpt":{"rendered":"<p>N\u00b01 :\u00a0 \u00a0Halte au jeu lent ! Marre de d\u00e9jeuner \u00e0 15h ( et +&#8230;<\/p>\n","protected":false},"author":3,"featured_media":0,"parent":0,"menu_order":0,"comment_status":"closed","ping_status":"closed","template":"","meta":{"footnotes":""},"class_list":["post-928","page","type-page","status-publish","hentry"],"_links":{"self":[{"href":"https:\/\/golf-entreprise-ara.org\/wpara\/wp-json\/wp\/v2\/pages\/928","targetHints":{"allow":["GET"]}}],"collection":[{"href":"https:\/\/golf-entreprise-ara.org\/wpara\/wp-json\/wp\/v2\/pages"}],"about":[{"href":"https:\/\/golf-entreprise-ara.org\/wpara\/wp-json\/wp\/v2\/types\/page"}],"author":[{"embeddable":true,"href":"https:\/\/golf-entreprise-ara.org\/wpara\/wp-json\/wp\/v2\/users\/3"}],"replies":[{"embeddable":true,"href":"https:\/\/golf-entreprise-ara.org\/wpara\/wp-json\/wp\/v2\/comments?post=928"}],"version-history":[{"count":0,"href":"https:\/\/golf-entreprise-ara.org\/wpara\/wp-json\/wp\/v2\/pages\/928\/revisions"}],"wp:attachment":[{"href":"https:\/\/golf-entreprise-ara.org\/wpara\/wp-json\/wp\/v2\/media?parent=928"}],"curies":[{"name":"wp","href":"https:\/\/api.w.org\/{rel}","templated":true}]}}