{"id":604,"date":"2017-01-15T10:33:37","date_gmt":"2017-01-15T09:33:37","guid":{"rendered":"http:\/\/golf-entreprise-ara.org\/wpara\/?page_id=604"},"modified":"2024-10-27T13:44:48","modified_gmt":"2024-10-27T12:44:48","slug":"documents-tous","status":"publish","type":"page","link":"https:\/\/golf-entreprise-ara.org\/wpara\/documents-tous\/","title":{"rendered":"Documents \u00e0 lire \/ t\u00e9l\u00e9charger"},"content":{"rendered":"<p><span style=\"font-size: 14pt;\"><strong><a href=\"https:\/\/golf-entreprise-ara.org\/wpara\/asge-documents\">Documents ASGE<\/a><\/strong><\/span>\u00a0 : Informations g\u00e9n\u00e9rales<\/p>\n<p><strong><span style=\"font-size: 14pt;\"><a href=\"https:\/\/golf-entreprise-ara.org\/wpara\/doc-resp-as\">Documents pour responsables AS et ASGE<\/a><\/span><\/strong> : avec acc\u00e8s contr\u00f4l\u00e9<br \/>\n<span style=\"font-size: 8pt;\">Cette rubrique contient des listes de noms, n\u00b0 de t\u00e9l\u00e9phone et tarifs, bon de commande Golf O Max,<br \/>\nfacture\/re\u00e7u, etc &#8230;&#8230; que nous pr\u00e9f\u00e9rons ne pas divulguer &#8211; R\u00e9serv\u00e9 aux responsables AS<br \/>\n<\/span><\/p>\n<p>&nbsp;<\/p>\n","protected":false},"excerpt":{"rendered":"<p>Documents ASGE\u00a0 : Informations g\u00e9n\u00e9rales Documents pour responsables AS et ASGE : avec acc\u00e8s contr\u00f4l\u00e9&#8230;<\/p>\n","protected":false},"author":1,"featured_media":0,"parent":0,"menu_order":0,"comment_status":"closed","ping_status":"closed","template":"","meta":{"footnotes":""},"class_list":["post-604","page","type-page","status-publish","hentry"],"_links":{"self":[{"href":"https:\/\/golf-entreprise-ara.org\/wpara\/wp-json\/wp\/v2\/pages\/604","targetHints":{"allow":["GET"]}}],"collection":[{"href":"https:\/\/golf-entreprise-ara.org\/wpara\/wp-json\/wp\/v2\/pages"}],"about":[{"href":"https:\/\/golf-entreprise-ara.org\/wpara\/wp-json\/wp\/v2\/types\/page"}],"author":[{"embeddable":true,"href":"https:\/\/golf-entreprise-ara.org\/wpara\/wp-json\/wp\/v2\/users\/1"}],"replies":[{"embeddable":true,"href":"https:\/\/golf-entreprise-ara.org\/wpara\/wp-json\/wp\/v2\/comments?post=604"}],"version-history":[{"count":25,"href":"https:\/\/golf-entreprise-ara.org\/wpara\/wp-json\/wp\/v2\/pages\/604\/revisions"}],"predecessor-version":[{"id":6034,"href":"https:\/\/golf-entreprise-ara.org\/wpara\/wp-json\/wp\/v2\/pages\/604\/revisions\/6034"}],"wp:attachment":[{"href":"https:\/\/golf-entreprise-ara.org\/wpara\/wp-json\/wp\/v2\/media?parent=604"}],"curies":[{"name":"wp","href":"https:\/\/api.w.org\/{rel}","templated":true}]}}