{"id":3294,"date":"2019-10-22T11:02:44","date_gmt":"2019-10-22T09:02:44","guid":{"rendered":"http:\/\/golf-entreprise-ara.org\/wpara\/?page_id=3294"},"modified":"2024-05-06T20:10:57","modified_gmt":"2024-05-06T18:10:57","slug":"coupe-pres","status":"publish","type":"page","link":"https:\/\/golf-entreprise-ara.org\/wpara\/coupe-pres\/","title":{"rendered":"Coupe des pr\u00e9sidents"},"content":{"rendered":"<p>R\u00e9union AS et Coupe des pr\u00e9sidents AS : Epreuve Auvergne-Rh\u00f4ne-Alpes<\/p>\n<!-- EventON Calendar --><div id='evcal_calendar_115' class='list_cal ajde_evcal_calendar sev cev color esty_2 ul etttc_custom ' ><div id='evcal_head' class='calendar_header ' ><div class='evo_cal_above'><span class='evo-gototoday-btn evo_hide' style='display:none;' data-mo='4' data-yr='2025' data-dy=''>Current Month<\/span><span class='evo-sort-btn'><div class='eventon_sort_line' style='display:none'><p data-val='sort_date' data-type='date' class='evs_btn evo_sort_option evs_hide select' >Date<\/p><\/div><\/span><\/div><div class='evo_cal_above_content'><\/div><\/div><div class='eventon_sorting_section' style='display:none'><div class='eventon_filter_line '><\/div><div class='clear'><\/div><\/div><div id='eventon_loadbar_section'><div id='eventon_loadbar'><\/div><\/div><!-- Events List --><div id='evcal_list' \n\t\t\t\t\tclass='eventon_events_list sep_months evcal_list_month'><div class='evcal_month_line' data-d='eml_3_2026'><p>mars 2026<\/p><\/div><div class='sep_month_events ' data-d='eml_3_2026'><div id=\"event_6447_0\" class=\"eventon_list_event evo_eventtop scheduled past_event event event_6447_0\" data-event_id=\"6447\" data-ri=\"0r\" data-time=\"1774080000-1774101600\" data-colr=\"#d44c4c\" itemscope itemtype='http:\/\/schema.org\/Event'><div class=\"evo_event_schema\" style=\"display:none\" ><a itemprop='url'  href='https:\/\/golf-entreprise-ara.org\/wpara\/events\/coupe-des-presidents\/'><\/a><meta itemprop='image' content=\"https:\/\/golf-entreprise-ara.org\/wpara\/wp-content\/uploads\/la_rochelle.jpg\" \/><meta itemprop='startDate' content=\"2026-3-21T09:00+2:00\" \/><meta itemprop='endDate' content=\"2026-3-21T15:00+2:00\" \/><meta itemprop='eventStatus' content=\"https:\/\/schema.org\/EventScheduled\" \/><item style=\"display:none\" itemprop=\"eventAttendanceMode\" itemscope itemtype=\"https:\/\/schema.org\/OfflineEventAttendanceMode\"><\/item><script type=\"application\/ld+json\">{\"@context\": \"http:\/\/schema.org\",\"@type\": \"Event\",\n\t\t\t\t\"@id\": \"event_6447_0\",\n\t\t\t\t\"eventAttendanceMode\":\"https:\/\/schema.org\/OfflineEventAttendanceMode\",\n\t\t\t\t\"name\": \"Coupe des pr\u00e9sidents\",\n\t\t\t\t\"url\": \"https:\/\/golf-entreprise-ara.org\/wpara\/events\/coupe-des-presidents\/\",\n\t\t\t\t\"startDate\": \"2026-3-21T09:00+2:00\",\n\t\t\t\t\"endDate\": \"2026-3-21T15:00+2:00\",\n\t\t\t\t\"image\":\"https:\/\/golf-entreprise-ara.org\/wpara\/wp-content\/uploads\/la_rochelle.jpg\", \n\t\t\t\t\"description\":\"Coupe des pr\u00e9sidents\",\"eventStatus\":\"https:\/\/schema.org\/EventScheduled\"}<\/script><\/div>\n\t\t\t\t<p class=\"desc_trig_outter\" style=\"\"><a data-gmtrig=\"1\" data-exlk=\"0\" style=\"background-color: #d44c4c;\" id=\"evc_17740800006447\" class=\"hasFtIMG desc_trig sin_val evcal_list_a\" data-ux_val=\"3\" data-ux_val_mob=\"-\"  ><span class='evoet_c1 evoet_cx '><span class='ev_ftImg' data-img='https:\/\/golf-entreprise-ara.org\/wpara\/wp-content\/uploads\/la_rochelle.jpg' data-thumb='https:\/\/golf-entreprise-ara.org\/wpara\/wp-content\/uploads\/la_rochelle-300x200.jpg' style='background-image:url(\"https:\/\/golf-entreprise-ara.org\/wpara\/wp-content\/uploads\/la_rochelle-300x200.jpg\")' ><\/span><\/span><span class='evoet_c2 evoet_cx '><span class='evoet_dayblock evcal_cblock ' data-bgcolor='#d44c4c' data-smon='mars' data-syr='2026'><span class='evo_start '><em class='day'>sam<\/em><em class='date'>21<\/em><em class='month'>mar<\/em><em class='time'>09:00<\/em><\/span><span class='evo_end only_time'><em class='day'>sam<\/em><em class='time'>15:00<\/em><\/span><\/span><\/span><span class='evoet_c3 evoet_cx evcal_desc evo_info ' ><span class='evoet_tags evo_above_title'><\/span><span class='evoet_title evcal_desc2 evcal_event_title' itemprop='name'>Coupe des pr\u00e9sidents<\/span><span class='evoet_subtitle evo_below_title'><span class='evcal_event_subtitle' >Coupe des pr\u00e9sidents<\/span><\/span><span class='evoet_time_expand level_3 evcal_desc_info evogap10'><em class='evcal_time evo_tz_time level_4'><i class='fa fa-clock-o evomarr10'><\/i>09:00 - 15:00<\/em> <span class='evoet_location level_4'><em class=\"evcal_location evolh13\"  data-add_str=\"\"><i class=\"fa fa-location-pin evomarr10\"><\/i><em class=\"event_location_name\">La Rochelle (17)<\/em><\/em><\/span><\/span><span class='evcal_desc3'><\/span><\/span><em class='evoet_data' style='display:none' data-bgc='#d44c4c'data-bggrad=''><\/em><\/a><\/p><div class='event_description evcal_eventcard ' style=\"display:none\"><div class='evocard_row'><div class='evocard_box ftimage' data-c='' \n\t\t\t\t\tstyle=''><div class='evocard_main_image_hold' data-t='Loading Image..'><div class='evocard_main_image evo_img_triglb evocd_img_def evobr15 evobgsc evobgpc evodfx evofx_jc_c evofx_ai_c evofz48 def' style='height:400px; background-image:url(https:\/\/golf-entreprise-ara.org\/wpara\/wp-content\/uploads\/la_rochelle.jpg);' data-f='https:\/\/golf-entreprise-ara.org\/wpara\/wp-content\/uploads\/la_rochelle.jpg'data-h='683'data-w='1024'data-ratio='0.6669921875'data-event_id='6447'data-ri='0' data-t='Loading Image..'><\/div><\/div><\/div><\/div><div class='evocard_row bx2 bx'><div class='evocard_box time' data-c='' \n\t\t\t\t\tstyle=''><div class='evo_metarow_time evorow evcal_evdata_row evcal_evrow_sm '>\n\t\t<span class='evcal_evdata_icons'><i class='fa fa-clock'><\/i><\/span>\n\t\t<div class='evcal_evdata_cell'>\t\t\t\t\t\t\t\n\t\t\t<h3 class='evo_h3'><span class='evcal_evdata_icons'><i class='fa fa-clock'><\/i><\/span>Time<\/h3><p><span class='evo_eventcard_time_t'>21 mars 2026 09:00 - 15:00<\/span><\/p>\n\t\t<\/div>\n\t<\/div><\/div><div class='evocard_box location' data-c='' \n\t\t\t\t\tstyle=''><div class='evcal_evdata_row evo_metarow_time_location evorow '>\n\t\t\n\t\t\t<span class='evcal_evdata_icons'><i class='fa fa-map-marker'><\/i><\/span>\n\t\t\t<div class='evcal_evdata_cell' data-loc_tax_id='97'><h3 class='evo_h3'><span class='evcal_evdata_icons'><i class='fa fa-map-marker'><\/i><\/span>Location<\/h3><p class='evo_location_name' style='margin-bottom:10px; font-size:15px;'>La Rochelle (17)<\/p><\/div>\n\t\t\n\t<\/div><\/div><\/div><div class='evocard_row'><div class='evocard_box organizer' data-c='' \n\t\t\t\t\tstyle=''><div class='evo_metarow_organizer evorow evcal_evdata_row evcal_evrow_sm '>\n\t\t<span class='evcal_evdata_icons'><i class='fa fa-headphones'><\/i><\/span>\n\t\t<div class='evcal_evdata_cell'>\t\t\t\t\t\t\t\n\t\t\t<h3 class='evo_h3'>Organizer<\/h3><div class='evo_org_content'>\n\t\t\t<div class='evo_card_organizer'><h4 class='evo_h4 marb5'><span class='evo_card_organizer_name_t marb5'><a href='https:\/\/golf-entreprise-ara.org\/wpara\/event-organizer\/ffgolf\/'>FFGolf<\/a><\/span><\/h4><div class='evo_org_details'><\/div><\/div><\/div>\t\t\t\t\t\t\t\n\t\t<\/div>\n\t<\/div><\/div><\/div><div class='evocard_row'><div class='evocard_box customfield1' data-c='' \n\t\t\t\t\tstyle=''><div class='evo_metarow_cusF1 evorow evcal_evdata_row evcal_evrow_sm '>\n\t\t\t<span class='evcal_evdata_icons'><i class='fa fa-calendar-alt'><\/i><\/span>\n\t\t\t<div class='evcal_evdata_cell'>\t\t\t\t\t\t\t\n\t\t\t\t<h3 class='evo_h3'>Horaire<\/h3><div class='evo_custom_content evo_data_val evodfx evofx_dr_r evofx_ww evogap20'><div class=''><a href='https:\/\/golf-entreprise-ara.org\/ronalp\/ENTR\/COMPET\/PRES-2\/horaires.pdf' target=\"_blank\" class='evcal_btn evo_cusmeta_btn'>Voir<\/a><\/div><\/div><\/div><\/div><\/div><\/div><div class='evocard_row bx3 bx'><div class='evocard_box customfield2' data-c='' \n\t\t\t\t\tstyle=''><div class='evo_metarow_cusF2 evorow evcal_evdata_row evcal_evrow_sm '>\n\t\t\t<span class='evcal_evdata_icons'><i class='fa fa-bar-chart'><\/i><\/span>\n\t\t\t<div class='evcal_evdata_cell'>\t\t\t\t\t\t\t\n\t\t\t\t<h3 class='evo_h3'>Brut<\/h3><div class='evo_custom_content evo_data_val evodfx evofx_dr_r evofx_ww evogap20'><div class=''><a href='https:\/\/golf-entreprise-ara.org\/ronalp\/ENTR\/COMPET\/PRES-2\/brut.pdf' target=\"_blank\" class='evcal_btn evo_cusmeta_btn'>Voir<\/a><\/div><\/div><\/div><\/div><\/div><div class='evocard_box customfield3' data-c='' \n\t\t\t\t\tstyle=''><div class='evo_metarow_cusF3 evorow evcal_evdata_row evcal_evrow_sm '>\n\t\t\t<span class='evcal_evdata_icons'><i class='fa fa-bar-chart'><\/i><\/span>\n\t\t\t<div class='evcal_evdata_cell'>\t\t\t\t\t\t\t\n\t\t\t\t<h3 class='evo_h3'>Net<\/h3><div class='evo_custom_content evo_data_val evodfx evofx_dr_r evofx_ww evogap20'><div class=''><a href='https:\/\/golf-entreprise-ara.org\/ronalp\/ENTR\/COMPET\/PRES-2\/net.pdf' target=\"_blank\" class='evcal_btn evo_cusmeta_btn'>Voir<\/a><\/div><\/div><\/div><\/div><\/div><div class='evocard_box customfield4' data-c='' \n\t\t\t\t\tstyle=''><div class='evo_metarow_cusF4 evorow evcal_evdata_row evcal_evrow_sm '>\n\t\t\t<span class='evcal_evdata_icons'><i class='fa fa-people-group'><\/i><\/span>\n\t\t\t<div class='evcal_evdata_cell'>\t\t\t\t\t\t\t\n\t\t\t\t<h3 class='evo_h3'>Equipe<\/h3><div class='evo_custom_content evo_data_val evodfx evofx_dr_r evofx_ww evogap20'><div class=''><a href='https:\/\/golf-entreprise-ara.org\/ronalp\/ENTR\/COMPET\/PRES-2\/equipe.pdf' target=\"_blank\" class='evcal_btn evo_cusmeta_btn'>Voir<\/a><\/div><\/div><\/div><\/div><\/div><\/div><div class='evocard_row lastrow'><div class='evocard_box addtocal' data-c='' \n\t\t\t\t\tstyle=''><div class='evo_metarow_ICS evorow evcal_evdata_row'>\n\t\t\t<span class='evcal_evdata_icons'><i class='fa fa-calendar-o'><\/i><\/span>\n\t\t\t<div class='evcal_evdata_cell'>\n\t\t\t\t<p><a href='https:\/\/golf-entreprise-ara.org\/wpara\/export-events\/6447_0\/?nonce=5556f090cb' class='evo_ics_nCal' title='Add to your calendar'>Calendar<\/a><a href='\/\/www.google.com\/calendar\/event?action=TEMPLATE&amp;text=Coupe+des+pr%C3%A9sidents&amp;dates=20260321T080000Z\/20260321T140000Z&amp;ctz=Europe\/Paris&amp;details=Coupe+des+pr%C3%A9sidents&amp;location=La+Rochelle+%2817%29' target='_blank' class='evo_ics_gCal' title='Add to google calendar'>GoogleCal<\/a><\/p>\t\n\t\t\t<\/div>\n\t\t<\/div><\/div><\/div><div class='evo_card_row_end evcal_close' title='Close'><\/div><\/div><div class='clear end'><\/div><\/div><\/div><div class='evcal_month_line' data-d='eml_10_2026'><p>octobre 2026<\/p><\/div><div class='sep_month_events ' data-d='eml_10_2026'><div id=\"event_6807_0\" class=\"eventon_list_event evo_eventtop scheduled  event no_et event_6807_0\" data-event_id=\"6807\" data-ri=\"0r\" data-time=\"1792220400-1792273800\" data-colr=\"#afb5ba\" itemscope itemtype='http:\/\/schema.org\/Event'><div class=\"evo_event_schema\" style=\"display:none\" ><a itemprop='url'  href='https:\/\/golf-entreprise-ara.org\/wpara\/events\/coupe-des-presidents-2\/'><\/a><meta itemprop='image' content=\"https:\/\/golf-entreprise-ara.org\/wpara\/wp-content\/uploads\/gal2_0002_Golf-Commanderie-13-1.jpg\" \/><meta itemprop='startDate' content=\"2026-10-17T09:00+2:00\" \/><meta itemprop='endDate' content=\"2026-10-17T23:50+2:00\" \/><meta itemprop='eventStatus' content=\"https:\/\/schema.org\/EventScheduled\" \/><item style=\"display:none\" itemprop=\"eventAttendanceMode\" itemscope itemtype=\"https:\/\/schema.org\/OfflineEventAttendanceMode\"><\/item><script type=\"application\/ld+json\">{\"@context\": \"http:\/\/schema.org\",\"@type\": \"Event\",\n\t\t\t\t\"@id\": \"event_6807_0\",\n\t\t\t\t\"eventAttendanceMode\":\"https:\/\/schema.org\/OfflineEventAttendanceMode\",\n\t\t\t\t\"name\": \"Coupe des pr\u00e9sidents ARA\",\n\t\t\t\t\"url\": \"https:\/\/golf-entreprise-ara.org\/wpara\/events\/coupe-des-presidents-2\/\",\n\t\t\t\t\"startDate\": \"2026-10-17T09:00+2:00\",\n\t\t\t\t\"endDate\": \"2026-10-17T23:50+2:00\",\n\t\t\t\t\"image\":\"https:\/\/golf-entreprise-ara.org\/wpara\/wp-content\/uploads\/gal2_0002_Golf-Commanderie-13-1.jpg\", \n\t\t\t\t\"description\":\"Coupe des pr\u00e9sidents ARA\",\"eventStatus\":\"https:\/\/schema.org\/EventScheduled\"}<\/script><\/div>\n\t\t\t\t<p class=\"desc_trig_outter\" style=\"\"><a data-gmtrig=\"1\" data-exlk=\"0\" style=\"background-color: #afb5ba;\" id=\"evc_17922204006807\" class=\"hasFtIMG desc_trig sin_val evcal_list_a\" data-ux_val=\"3\" data-ux_val_mob=\"-\"  ><span class='evoet_c1 evoet_cx '><span class='ev_ftImg' data-img='https:\/\/golf-entreprise-ara.org\/wpara\/wp-content\/uploads\/gal2_0002_Golf-Commanderie-13-1.jpg' data-thumb='https:\/\/golf-entreprise-ara.org\/wpara\/wp-content\/uploads\/gal2_0002_Golf-Commanderie-13-1-300x200.jpg' style='background-image:url(\"https:\/\/golf-entreprise-ara.org\/wpara\/wp-content\/uploads\/gal2_0002_Golf-Commanderie-13-1-300x200.jpg\")' ><\/span><\/span><span class='evoet_c2 evoet_cx '><span class='evoet_dayblock evcal_cblock ' data-bgcolor='#afb5ba' data-smon='octobre' data-syr='2026'><span class='evo_start '><em class='day'>sam<\/em><em class='date'>17<\/em><em class='month'>oct<\/em><em class='time'>09:00<\/em><\/span><\/span><\/span><span class='evoet_c3 evoet_cx evcal_desc evo_info ' ><span class='evoet_tags evo_above_title'><\/span><span class='evoet_title evcal_desc2 evcal_event_title' itemprop='name'>Coupe des pr\u00e9sidents ARA<\/span><span class='evoet_subtitle evo_below_title'><span class='evcal_event_subtitle' >R\u00e9union annuelle + coupe des pr\u00e9sidents ARA<\/span><\/span><span class='evoet_time_expand level_3 evcal_desc_info evogap10'><em class='evcal_time evo_tz_time level_4'><i class='fa fa-clock-o evomarr10'><\/i>09:00<\/em> <span class='evoet_location level_4'><em class=\"evcal_location evolh13\"  data-add_str=\"\"><i class=\"fa fa-location-pin evomarr10\"><\/i><em class=\"event_location_name\">La Commanderie Crottet (01)<\/em><\/em><\/span><\/span><span class='evcal_desc3'><\/span><\/span><em class='evoet_data' style='display:none' data-bgc='#afb5ba'data-bggrad=''><\/em><\/a><\/p><div class='event_description evcal_eventcard ' style=\"display:none\"><div class='evocard_row'><div class='evocard_box ftimage' data-c='' \n\t\t\t\t\tstyle=''><div class='evocard_main_image_hold' data-t='Loading Image..'><div class='evocard_main_image evo_img_triglb evocd_img_def evobr15 evobgsc evobgpc evodfx evofx_jc_c evofx_ai_c evofz48 def' style='height:400px; background-image:url(https:\/\/golf-entreprise-ara.org\/wpara\/wp-content\/uploads\/gal2_0002_Golf-Commanderie-13-1.jpg);' data-f='https:\/\/golf-entreprise-ara.org\/wpara\/wp-content\/uploads\/gal2_0002_Golf-Commanderie-13-1.jpg'data-h='684'data-w='1024'data-ratio='0.66796875'data-event_id='6807'data-ri='0' data-t='Loading Image..'><\/div><\/div><\/div><\/div><div class='evocard_row bx2 bx'><div class='evocard_box time' data-c='' \n\t\t\t\t\tstyle=''><div class='evo_metarow_time evorow evcal_evdata_row evcal_evrow_sm '>\n\t\t<span class='evcal_evdata_icons'><i class='fa fa-clock'><\/i><\/span>\n\t\t<div class='evcal_evdata_cell'>\t\t\t\t\t\t\t\n\t\t\t<h3 class='evo_h3'><span class='evcal_evdata_icons'><i class='fa fa-clock'><\/i><\/span>Time<\/h3><p><span class='evo_eventcard_time_t'>17 octobre 2026 09:00<\/span><\/p>\n\t\t<\/div>\n\t<\/div><\/div><div class='evocard_box location' data-c='' \n\t\t\t\t\tstyle=''><div class='evcal_evdata_row evo_metarow_time_location evorow '>\n\t\t\n\t\t\t<span class='evcal_evdata_icons'><i class='fa fa-map-marker'><\/i><\/span>\n\t\t\t<div class='evcal_evdata_cell' data-loc_tax_id='35'><h3 class='evo_h3'><span class='evcal_evdata_icons'><i class='fa fa-map-marker'><\/i><\/span>Location<\/h3><p class='evo_location_name' style='margin-bottom:10px; font-size:15px;'>La Commanderie Crottet (01)<\/p><\/div>\n\t\t\n\t<\/div><\/div><\/div><div class='evocard_row'><div class='evocard_box organizer' data-c='' \n\t\t\t\t\tstyle=''><div class='evo_metarow_organizer evorow evcal_evdata_row evcal_evrow_sm '>\n\t\t<span class='evcal_evdata_icons'><i class='fa fa-headphones'><\/i><\/span>\n\t\t<div class='evcal_evdata_cell'>\t\t\t\t\t\t\t\n\t\t\t<h3 class='evo_h3'>Organizer<\/h3><div class='evo_org_content'>\n\t\t\t<div class='evo_card_organizer'><h4 class='evo_h4 marb5'><span class='evo_card_organizer_name_t marb5'><a href='https:\/\/golf-entreprise-ara.org\/wpara\/event-organizer\/ffgolf-entreprises-ara\/'>FFGolf Entreprises ARA<\/a><\/span><\/h4><div class='evo_org_details'><\/div><\/div><\/div>\t\t\t\t\t\t\t\n\t\t<\/div>\n\t<\/div><\/div><\/div><div class='evocard_row bx2 bx'><div class='evocard_box customfield1' data-c='' \n\t\t\t\t\tstyle=''><div class='evo_metarow_cusF1 evorow evcal_evdata_row evcal_evrow_sm '>\n\t\t\t<span class='evcal_evdata_icons'><i class='fa fa-calendar-alt'><\/i><\/span>\n\t\t\t<div class='evcal_evdata_cell'>\t\t\t\t\t\t\t\n\t\t\t\t<h3 class='evo_h3'>Horaire<\/h3><div class='evo_custom_content evo_data_val evodfx evofx_dr_r evofx_ww evogap20'><div class=''><a href='https:\/\/golf-entreprise-ara.org\/ronalp\/ENTR\/COMPET\/PRES-1\/horaires.pdf' target=\"_blank\" class='evcal_btn evo_cusmeta_btn'>Voir<\/a><\/div><\/div><\/div><\/div><\/div><div class='evocard_box customfield5' data-c='' \n\t\t\t\t\tstyle=''><div class='evo_metarow_cusF5 evorow evcal_evdata_row evcal_evrow_sm '>\n\t\t\t<span class='evcal_evdata_icons'><i class='fa fa-chart-bar'><\/i><\/span>\n\t\t\t<div class='evcal_evdata_cell'>\t\t\t\t\t\t\t\n\t\t\t\t<h3 class='evo_h3'>Classement<\/h3><div class='evo_custom_content evo_data_val evodfx evofx_dr_r evofx_ww evogap20'><div class=''><a href='https:\/\/golf-entreprise-ara.org\/ronalp\/ENTR\/COMPET\/PRES-1\/equipe.pdf' target=\"_blank\" class='evcal_btn evo_cusmeta_btn'>Voir<\/a><\/div><\/div><\/div><\/div><\/div><\/div><div class='evocard_row bx3 bx'><div class='evocard_box customfield2' data-c='' \n\t\t\t\t\tstyle=''><div class='evo_metarow_cusF2 evorow evcal_evdata_row evcal_evrow_sm '>\n\t\t\t<span class='evcal_evdata_icons'><i class='fa fa-bar-chart'><\/i><\/span>\n\t\t\t<div class='evcal_evdata_cell'>\t\t\t\t\t\t\t\n\t\t\t\t<h3 class='evo_h3'>Brut<\/h3><div class='evo_custom_content evo_data_val evodfx evofx_dr_r evofx_ww evogap20'><div class=''><a href='https:\/\/golf-entreprise-ara.org\/wpara\/test-resultat-google-sheet?sheetId=2PACX-1vTNzisT-nRrVxrWJnIyrn4noxl7xu9NhSit2lquo7YRuK0o6SzkZC5dbSfw9FxfEr_OpBamywpIctOd&sheetTab=1459598458' target=\"_blank\" class='evcal_btn evo_cusmeta_btn'>Voir<\/a><\/div><\/div><\/div><\/div><\/div><div class='evocard_box customfield3' data-c='' \n\t\t\t\t\tstyle=''><div class='evo_metarow_cusF3 evorow evcal_evdata_row evcal_evrow_sm '>\n\t\t\t<span class='evcal_evdata_icons'><i class='fa fa-bar-chart'><\/i><\/span>\n\t\t\t<div class='evcal_evdata_cell'>\t\t\t\t\t\t\t\n\t\t\t\t<h3 class='evo_h3'>Net<\/h3><div class='evo_custom_content evo_data_val evodfx evofx_dr_r evofx_ww evogap20'><div class=''><a href='https:\/\/golf-entreprise-ara.org\/wpara\/test-resultat-google-sheet?sheetId=2PACX-1vTNzisT-nRrVxrWJnIyrn4noxl7xu9NhSit2lquo7YRuK0o6SzkZC5dbSfw9FxfEr_OpBamywpIctOd&sheetTab=226214722' target=\"_blank\" class='evcal_btn evo_cusmeta_btn'>Voir<\/a><\/div><\/div><\/div><\/div><\/div><div class='evocard_box customfield4' data-c='' \n\t\t\t\t\tstyle=''><div class='evo_metarow_cusF4 evorow evcal_evdata_row evcal_evrow_sm '>\n\t\t\t<span class='evcal_evdata_icons'><i class='fa fa-people-group'><\/i><\/span>\n\t\t\t<div class='evcal_evdata_cell'>\t\t\t\t\t\t\t\n\t\t\t\t<h3 class='evo_h3'>Equipe<\/h3><div class='evo_custom_content evo_data_val evodfx evofx_dr_r evofx_ww evogap20'><div class=''><a href='https:\/\/golf-entreprise-ara.org\/ronalp\/ENTR\/COMPET\/PRES-1\/equipe.pdf' target=\"_blank\" class='evcal_btn evo_cusmeta_btn'>Voir<\/a><\/div><\/div><\/div><\/div><\/div><\/div><div class='evocard_row lastrow'><div class='evocard_box addtocal' data-c='' \n\t\t\t\t\tstyle=''><div class='evo_metarow_ICS evorow evcal_evdata_row'>\n\t\t\t<span class='evcal_evdata_icons'><i class='fa fa-calendar-o'><\/i><\/span>\n\t\t\t<div class='evcal_evdata_cell'>\n\t\t\t\t<p><a href='https:\/\/golf-entreprise-ara.org\/wpara\/export-events\/6807_0\/?nonce=5556f090cb' class='evo_ics_nCal' title='Add to your calendar'>Calendar<\/a><a href='\/\/www.google.com\/calendar\/event?action=TEMPLATE&amp;text=Coupe+des+pr%C3%A9sidents+ARA&amp;dates=20261017T070000Z\/20261017T215000Z&amp;ctz=Europe\/Paris&amp;details=Coupe+des+pr%C3%A9sidents+ARA&amp;location=La+Commanderie+Crottet+%2801%29' target='_blank' class='evo_ics_gCal' title='Add to google calendar'>GoogleCal<\/a><\/p>\t\n\t\t\t<\/div>\n\t\t<\/div><\/div><\/div><div class='evo_card_row_end evcal_close' title='Close'><\/div><\/div><div class='clear end'><\/div><\/div><\/div>\t\t\t<div class='clear'><\/div>\n\t\t\t<\/div>\n\t\t\t<div class='clear'><\/div>\n\t\t\t\n\t\t\t\t\t \t<div id='evcal_footer' class='evo_bottom' style='display:none'>\n\t\t \t\t<div class='evo_cal_data' data-sc='{&quot;accord&quot;:&quot;no&quot;,&quot;bottom_nav&quot;:&quot;no&quot;,&quot;cal_id&quot;:&quot;&quot;,&quot;cal_init_nonajax&quot;:&quot;no&quot;,&quot;calendar_type&quot;:&quot;list&quot;,&quot;ep_fields&quot;:&quot;&quot;,&quot;etc_override&quot;:&quot;no&quot;,&quot;evc_open&quot;:&quot;no&quot;,&quot;event_count&quot;:0,&quot;event_location&quot;:&quot;all&quot;,&quot;event_order&quot;:&quot;ASC&quot;,&quot;event_organizer&quot;:&quot;all&quot;,&quot;event_parts&quot;:&quot;no&quot;,&quot;event_past_future&quot;:&quot;all&quot;,&quot;event_status&quot;:&quot;all&quot;,&quot;event_tag&quot;:&quot;all&quot;,&quot;event_type&quot;:&quot;105&quot;,&quot;event_type_2&quot;:&quot;all&quot;,&quot;event_virtual&quot;:&quot;all&quot;,&quot;eventtop_date_style&quot;:0,&quot;eventtop_style&quot;:&quot;2&quot;,&quot;exp_jumper&quot;:&quot;no&quot;,&quot;exp_so&quot;:&quot;no&quot;,&quot;filter_relationship&quot;:&quot;AND&quot;,&quot;filter_show_set_only&quot;:&quot;no&quot;,&quot;filter_type&quot;:&quot;default&quot;,&quot;filters&quot;:&quot;yes&quot;,&quot;fixed_month&quot;:&quot;4&quot;,&quot;fixed_year&quot;:&quot;2025&quot;,&quot;focus_end_date_range&quot;:&quot;1806530399&quot;,&quot;focus_start_date_range&quot;:&quot;1743458400&quot;,&quot;ft_event_priority&quot;:&quot;no&quot;,&quot;hide_arrows&quot;:&quot;no&quot;,&quot;hide_cancels&quot;:&quot;no&quot;,&quot;hide_empty_months&quot;:&quot;yes&quot;,&quot;hide_end_time&quot;:&quot;no&quot;,&quot;hide_et_dn&quot;:&quot;no&quot;,&quot;hide_et_extra&quot;:&quot;no&quot;,&quot;hide_et_tags&quot;:&quot;no&quot;,&quot;hide_et_tl&quot;:&quot;no&quot;,&quot;hide_ft&quot;:&quot;no&quot;,&quot;hide_ft_img&quot;:&quot;no&quot;,&quot;hide_month_headers&quot;:&quot;no&quot;,&quot;hide_mult_occur&quot;:&quot;no&quot;,&quot;hide_past&quot;:&quot;no&quot;,&quot;hide_past_by&quot;:&quot;ee&quot;,&quot;hide_so&quot;:&quot;no&quot;,&quot;ics&quot;:&quot;no&quot;,&quot;jumper&quot;:&quot;no&quot;,&quot;jumper_count&quot;:5,&quot;jumper_offset&quot;:&quot;0&quot;,&quot;lang&quot;:&quot;L1&quot;,&quot;layout_changer&quot;:&quot;no&quot;,&quot;livenow_bar&quot;:&quot;yes&quot;,&quot;mapformat&quot;:&quot;roadmap&quot;,&quot;mapiconurl&quot;:&quot;&quot;,&quot;maps_load&quot;:&quot;yes&quot;,&quot;mapscroll&quot;:&quot;true&quot;,&quot;mapzoom&quot;:&quot;18&quot;,&quot;members_only&quot;:&quot;no&quot;,&quot;ml_priority&quot;:&quot;no&quot;,&quot;month_incre&quot;:&quot;-12&quot;,&quot;number_of_months&quot;:&quot;24&quot;,&quot;only_ft&quot;:&quot;no&quot;,&quot;pec&quot;:&quot;&quot;,&quot;s&quot;:&quot;&quot;,&quot;search&quot;:&quot;&quot;,&quot;search_all&quot;:&quot;no&quot;,&quot;sep_month&quot;:&quot;yes&quot;,&quot;show_et_ft_img&quot;:&quot;yes&quot;,&quot;show_limit&quot;:&quot;no&quot;,&quot;show_limit_ajax&quot;:&quot;no&quot;,&quot;show_limit_paged&quot;:1,&quot;show_limit_redir&quot;:&quot;&quot;,&quot;show_repeats&quot;:&quot;no&quot;,&quot;show_upcoming&quot;:0,&quot;show_year&quot;:&quot;yes&quot;,&quot;social_share&quot;:&quot;no&quot;,&quot;sort_by&quot;:&quot;sort_date&quot;,&quot;tile_bg&quot;:0,&quot;tile_bg_size&quot;:&quot;full&quot;,&quot;tile_count&quot;:2,&quot;tile_height&quot;:0,&quot;tile_style&quot;:0,&quot;tiles&quot;:&quot;no&quot;,&quot;ux_val&quot;:&quot;0&quot;,&quot;wpml_l1&quot;:&quot;&quot;,&quot;wpml_l2&quot;:&quot;&quot;,&quot;wpml_l3&quot;:&quot;&quot;,&quot;yl_priority&quot;:&quot;no&quot;,&quot;fixed_day&quot;:&quot;17&quot;,&quot;_cver&quot;:&quot;2.5.1&quot;}'data-od='{&quot;lang_no_events&quot;:&quot;No Events&quot;,&quot;cal_tz_offset&quot;:120,&quot;cal_tz&quot;:&quot;Europe\\\/Paris&quot;}'><\/div>\n\t\t \t\t<div class='evo_cal_events' data-events=\"\"><\/div>\n\t\t \t<\/div>\n\t\t\t\t\n\t\t\t\n\t\t\t\n\t\t\t\t\t\t<\/div><!-- EventON End -->\n\t\t\t\n","protected":false},"excerpt":{"rendered":"<p>R\u00e9union AS et Coupe des pr\u00e9sidents AS : Epreuve Auvergne-Rh\u00f4ne-Alpes<\/p>\n","protected":false},"author":3,"featured_media":0,"parent":0,"menu_order":0,"comment_status":"closed","ping_status":"closed","template":"","meta":{"footnotes":""},"class_list":["post-3294","page","type-page","status-publish","hentry"],"_links":{"self":[{"href":"https:\/\/golf-entreprise-ara.org\/wpara\/wp-json\/wp\/v2\/pages\/3294","targetHints":{"allow":["GET"]}}],"collection":[{"href":"https:\/\/golf-entreprise-ara.org\/wpara\/wp-json\/wp\/v2\/pages"}],"about":[{"href":"https:\/\/golf-entreprise-ara.org\/wpara\/wp-json\/wp\/v2\/types\/page"}],"author":[{"embeddable":true,"href":"https:\/\/golf-entreprise-ara.org\/wpara\/wp-json\/wp\/v2\/users\/3"}],"replies":[{"embeddable":true,"href":"https:\/\/golf-entreprise-ara.org\/wpara\/wp-json\/wp\/v2\/comments?post=3294"}],"version-history":[{"count":21,"href":"https:\/\/golf-entreprise-ara.org\/wpara\/wp-json\/wp\/v2\/pages\/3294\/revisions"}],"predecessor-version":[{"id":7278,"href":"https:\/\/golf-entreprise-ara.org\/wpara\/wp-json\/wp\/v2\/pages\/3294\/revisions\/7278"}],"wp:attachment":[{"href":"https:\/\/golf-entreprise-ara.org\/wpara\/wp-json\/wp\/v2\/media?parent=3294"}],"curies":[{"name":"wp","href":"https:\/\/api.w.org\/{rel}","templated":true}]}}