{"id":248,"date":"2017-01-10T09:40:24","date_gmt":"2017-01-10T08:40:24","guid":{"rendered":"http:\/\/golf-entreprise-ara.org\/wpara\/?page_id=248"},"modified":"2022-01-17T11:28:20","modified_gmt":"2022-01-17T10:28:20","slug":"politique","status":"publish","type":"page","link":"https:\/\/golf-entreprise-ara.org\/wpara\/politique\/","title":{"rendered":"Politique du site"},"content":{"rendered":"<p><strong> Cr\u00e9dits<br \/>\n<\/strong><span style=\"font-size: 10pt;\">R\u00e9alisation :\u00a0Golf\u00a0Entreprise Auvergne-Rh\u00f4ne-Alpes<\/span><br \/>\n<span style=\"font-size: 10pt;\">Les demandes, commentaires et autres suggestions concernant ce site peuvent \u00eatre adress\u00e9es directement par courrier \u00e9lectronique \u00e0 l&rsquo;adresse suivante : \u00a0 entregolf@gmail.com<br \/>\nTous droits r\u00e9serv\u00e9s Golf Entreprise Auvergne-Rh\u00f4ne-Alpes ( 2017 &#8211; 2024 )<\/span><\/p>\n<p><strong>H\u00e9bergeur : OVH &#8211; 59100 &#8211; Roubaix<\/strong><\/p>\n<p><strong>Copyright<br \/>\n<\/strong><span style=\"font-size: 10pt;\">L&rsquo;utilisation de ce site exprime votre consentement sur les conditions d&rsquo;utilisation. Si vous n&rsquo;acceptez pas ces conditions, veuillez vous abstenir d&rsquo;utiliser ce site.<\/span><br \/>\n<span style=\"font-size: 10pt;\">Le contenu de ce site (notamment donn\u00e9es, informations, illustrations, etc. &#8230;) est prot\u00e9g\u00e9 par droit d&rsquo;auteur et autres droits de propri\u00e9t\u00e9 intellectuelle.<\/span><br \/>\n<span style=\"font-size: 10pt;\">Toute reproduction ou repr\u00e9sentation totale ou partielle de ce site par quelque proc\u00e9d\u00e9 que ce soit, sans autorisation expresse, est interdite et constituerait une contrefa\u00e7on sanctionn\u00e9e par les articles L.335-2 et suivants du Code de la propri\u00e9t\u00e9 intellectuelle.<\/span><br \/>\n<span style=\"font-size: 10pt;\">Toute reproduction totale ou partielle des logos, images, scripts, code HTML, balises meta effectu\u00e9e \u00e0 partir des \u00e9l\u00e9ments du site sans notre autorisation expresse est prohib\u00e9e au sens de l&rsquo;article L.713-2 du Code de la propri\u00e9t\u00e9 intellectuelle.<\/span><br \/>\n<span style=\"font-size: 10pt;\">Toute copie, reproduction, diffusion, int\u00e9grale ou partielle, du contenu du site par quelque proc\u00e9d\u00e9 que ce soit est illicite \u00e0 l&rsquo;exception d&rsquo;une unique copie sur un seul ordinateur et r\u00e9serv\u00e9e \u00e0 l&rsquo;usage exclusivement priv\u00e9 du copiste.Les \u00e9l\u00e9ments pr\u00e9sent\u00e9s dans ce site sont susceptibles de modification sans pr\u00e9avis et sont mis \u00e0 disposition sans aucune garantie, expresse ou implicite, d&rsquo;aucune sorte et ne peuvent donner lieu \u00e0 un quelconque droit \u00e0 d\u00e9dommagement.<\/span><br \/>\n<span style=\"font-size: 10pt;\">Il appartient \u00e0 l&rsquo;utilisateur de ce site de prendre toutes les mesures appropri\u00e9es de fa\u00e7on \u00e0 prot\u00e9ger ses propres donn\u00e9es et\/ou logiciels de la contamination par des \u00e9ventuels virus circulant sur le r\u00e9seau Internet.<\/span><\/p>\n<p><strong>Politique de confidentialit\u00e9<\/strong><br \/>\n<span style=\"font-size: 10pt;\">Le formulaire \u00ab\u00a0contact\u00a0\u00bb recueille les donn\u00e9es suivantes : noms, pr\u00e9noms, email, t\u00e9l\u00e9phone . Ces donn\u00e9es marketing sont conserv\u00e9es 3 ans maximum . Vous pouvez demander leur suppression en adressant un mail \u00e0 :\u00a0 entregolf@gmail.com<\/span><\/p>\n","protected":false},"excerpt":{"rendered":"<p>Cr\u00e9dits R\u00e9alisation :\u00a0Golf\u00a0Entreprise Auvergne-Rh\u00f4ne-Alpes Les demandes, commentaires et autres suggestions concernant ce site peuvent \u00eatre&#8230;<\/p>\n","protected":false},"author":1,"featured_media":0,"parent":0,"menu_order":0,"comment_status":"closed","ping_status":"closed","template":"","meta":{"footnotes":""},"class_list":["post-248","page","type-page","status-publish","hentry"],"_links":{"self":[{"href":"https:\/\/golf-entreprise-ara.org\/wpara\/wp-json\/wp\/v2\/pages\/248","targetHints":{"allow":["GET"]}}],"collection":[{"href":"https:\/\/golf-entreprise-ara.org\/wpara\/wp-json\/wp\/v2\/pages"}],"about":[{"href":"https:\/\/golf-entreprise-ara.org\/wpara\/wp-json\/wp\/v2\/types\/page"}],"author":[{"embeddable":true,"href":"https:\/\/golf-entreprise-ara.org\/wpara\/wp-json\/wp\/v2\/users\/1"}],"replies":[{"embeddable":true,"href":"https:\/\/golf-entreprise-ara.org\/wpara\/wp-json\/wp\/v2\/comments?post=248"}],"version-history":[{"count":19,"href":"https:\/\/golf-entreprise-ara.org\/wpara\/wp-json\/wp\/v2\/pages\/248\/revisions"}],"predecessor-version":[{"id":4831,"href":"https:\/\/golf-entreprise-ara.org\/wpara\/wp-json\/wp\/v2\/pages\/248\/revisions\/4831"}],"wp:attachment":[{"href":"https:\/\/golf-entreprise-ara.org\/wpara\/wp-json\/wp\/v2\/media?parent=248"}],"curies":[{"name":"wp","href":"https:\/\/api.w.org\/{rel}","templated":true}]}}