{"id":2415,"date":"2018-11-29T18:47:56","date_gmt":"2018-11-29T17:47:56","guid":{"rendered":"http:\/\/golf-entreprise-ara.org\/wpara\/?page_id=2415"},"modified":"2023-12-31T20:25:47","modified_gmt":"2023-12-31T19:25:47","slug":"photos-asge","status":"publish","type":"page","link":"https:\/\/golf-entreprise-ara.org\/wpara\/photos-asge\/","title":{"rendered":"Photos ASGE"},"content":{"rendered":"<table style=\"border-collapse: collapse; width: 100%;\" border=\"1\">\n<tbody>\n<tr>\n<td style=\"width: 100%;\"><span style=\"font-size: 10pt;\"><a href=\"https:\/\/www.flickr.com\/photos\/golf-entreprises\/albums\" target=\"_blank\" rel=\"noopener\"><strong><span style=\"font-size: 14pt;\">Depuis 2019, <\/span><\/strong><\/a><span style=\"font-size: 14pt;\"><strong><a href=\"https:\/\/www.flickr.com\/photos\/golf-entreprises\/albums\" target=\"_blank\" rel=\"noopener\">les photos <\/a><\/strong>sont en ligne sous <a href=\"https:\/\/www.flickr.com\/photos\/golf-entreprises\/albums\" target=\"_blank\" rel=\"noopener\"><strong>Flickr<\/strong> <\/a><br \/>\n<\/span>Toutes les photos d&rsquo;avant sont archiv\u00e9es, mais restent accessibles.<br \/>\nVous pouvez les visualiser sous forme de \u00ab\u00a0vignettes\u00a0\u00bb en choisissant une ann\u00e9e ou une activit\u00e9 , puis en \u00ab\u00a0plein \u00e9cran\u00a0\u00bb avec la taille d&rsquo;origine.<br \/>\nVous pouvez les t\u00e9l\u00e9charger ( clic droit sur la photo s\u00e9lectionn\u00e9e , puis Enregistrer l&rsquo;image sous &#8230;.. )<br \/>\nAttention : les tailles des photos peuvent \u00eatre tr\u00e8s vari\u00e9es , de \u00ab\u00a0miniatures\u00a0\u00bb jusqu&rsquo;\u00e0 des formats de 3000 x 2400 environ, donc de plus de 4Mo !<\/span><\/td>\n<\/tr>\n<\/tbody>\n<\/table>\n<p><span style=\"font-size: 14pt;\"><strong>Photos d&rsquo;archives ASGE<br \/>\n2018<br \/>\n<\/strong><\/span><\/p>\n<table style=\"border-collapse: collapse; width: 100%; text-align: center;\" border=\"1\">\n<tbody>\n<tr>\n<td style=\"width: 33.3333%; background-color: #92c3d4;\"><span style=\"font-size: 10pt;\"><a href=\"https:\/\/golf-entreprise-ara.org\/photos-archives\/2018-ASGE-DIV1\/thumb.html\" target=\"_blank\" rel=\"noopener noreferrer\">2018 Div1<\/a><\/span><\/td>\n<td style=\"width: 33.3333%; background-color: #aeebbb;\"><span style=\"font-size: 10pt;\"><a href=\"https:\/\/golf-entreprise-ara.org\/photos-archives\/2018-ASGE-DIV2\/thumb.html\" target=\"_blank\" rel=\"noopener noreferrer\">2018 Div2<\/a><\/span><\/td>\n<td style=\"width: 33.3333%; background-color: #e69e9e;\"><span style=\"font-size: 10pt;\"><a href=\"https:\/\/golf-entreprise-ara.org\/photos-archives\/2018-ASGE-OTH\/thumb.html\" target=\"_blank\" rel=\"noopener noreferrer\">Coupe, Troph\u00e9e, Finales &#8230;.<\/a><\/span><\/td>\n<\/tr>\n<\/tbody>\n<\/table>\n<p><span style=\"font-size: 14pt;\"><strong>De 2004 \u00e0 2017<br \/>\n<\/strong><\/span><\/p>\n<table style=\"border-collapse: collapse; width: 100%; text-align: center;\" border=\"1\">\n<tbody>\n<tr style=\"background-color: #e6bd77;\">\n<td style=\"width: 40%; background-color: #edde6b;\"><span style=\"font-size: 10pt;\"><a href=\"https:\/\/golf-entreprise-ara.org\/photos-archives\/ASGE-1\/thumb.html\" target=\"_blank\" rel=\"noopener noreferrer\">Archives 1<\/a><\/span><\/td>\n<td style=\"width: 40%; background-color: #cfbe44;\"><span style=\"font-size: 10pt;\"><a href=\"https:\/\/golf-entreprise-ara.org\/photos-archives\/ASGE-2\/thumb.html\" target=\"_blank\" rel=\"noopener noreferrer\">Archives 2<\/a><\/span><\/td>\n<\/tr>\n<\/tbody>\n<\/table>\n<p>&nbsp;<\/p>\n<p>&nbsp;<\/p>\n","protected":false},"excerpt":{"rendered":"<p>Depuis 2019, les photos sont en ligne sous Flickr Toutes les photos d&rsquo;avant sont archiv\u00e9es,&#8230;<\/p>\n","protected":false},"author":3,"featured_media":0,"parent":0,"menu_order":0,"comment_status":"closed","ping_status":"closed","template":"","meta":{"footnotes":""},"class_list":["post-2415","page","type-page","status-publish","hentry"],"_links":{"self":[{"href":"https:\/\/golf-entreprise-ara.org\/wpara\/wp-json\/wp\/v2\/pages\/2415","targetHints":{"allow":["GET"]}}],"collection":[{"href":"https:\/\/golf-entreprise-ara.org\/wpara\/wp-json\/wp\/v2\/pages"}],"about":[{"href":"https:\/\/golf-entreprise-ara.org\/wpara\/wp-json\/wp\/v2\/types\/page"}],"author":[{"embeddable":true,"href":"https:\/\/golf-entreprise-ara.org\/wpara\/wp-json\/wp\/v2\/users\/3"}],"replies":[{"embeddable":true,"href":"https:\/\/golf-entreprise-ara.org\/wpara\/wp-json\/wp\/v2\/comments?post=2415"}],"version-history":[{"count":10,"href":"https:\/\/golf-entreprise-ara.org\/wpara\/wp-json\/wp\/v2\/pages\/2415\/revisions"}],"predecessor-version":[{"id":6787,"href":"https:\/\/golf-entreprise-ara.org\/wpara\/wp-json\/wp\/v2\/pages\/2415\/revisions\/6787"}],"wp:attachment":[{"href":"https:\/\/golf-entreprise-ara.org\/wpara\/wp-json\/wp\/v2\/media?parent=2415"}],"curies":[{"name":"wp","href":"https:\/\/api.w.org\/{rel}","templated":true}]}}