{"id":2402,"date":"2018-11-27T19:42:04","date_gmt":"2018-11-27T18:42:04","guid":{"rendered":"http:\/\/golf-entreprise-ara.org\/wpara\/?page_id=2402"},"modified":"2023-12-31T20:23:06","modified_gmt":"2023-12-31T19:23:06","slug":"photos-archives","status":"publish","type":"page","link":"https:\/\/golf-entreprise-ara.org\/wpara\/photos-archives\/","title":{"rendered":"Photos archives"},"content":{"rendered":"<table style=\"border-collapse: collapse; width: 100%;\" border=\"1\">\n<tbody>\n<tr>\n<td style=\"width: 100%;\"><span style=\"font-size: 8pt;\"><a href=\"https:\/\/www.flickr.com\/photos\/golf-entreprises\/albums\" target=\"_blank\" rel=\"noopener\"><strong><span style=\"font-size: 14pt;\"> Depuis 2018, <a href=\"https:\/\/www.flickr.com\/photos\/golf-entreprises\/albums\" target=\"_blank\" rel=\"noopener\">les photos <\/a><\/span><\/strong><\/a><span style=\"font-size: 10pt;\">sont en ligne sous <span style=\"font-size: 14pt;\"><a href=\"https:\/\/www.flickr.com\/photos\/golf-entreprises\/albums\" target=\"_blank\" rel=\"noopener\"><strong>Flickr<\/strong> <\/a><\/span><\/span><br \/>\n<span style=\"font-size: 10pt;\">Toutes les photos avant 2018 sont archiv\u00e9es, mais restent accessibles.<\/span><br \/>\n<span style=\"font-size: 10pt;\">Vous pouvez les visualiser sous forme de \u00ab\u00a0vignettes\u00a0\u00bb en choisissant une ann\u00e9e ou une activit\u00e9 , puis en \u00ab\u00a0plein \u00e9cran\u00a0\u00bb avec la taille d&rsquo;origine.<\/span><br \/>\n<span style=\"font-size: 10pt;\">Vous pouvez les t\u00e9l\u00e9charger ( clic droit sur la photo s\u00e9lectionn\u00e9e , puis Enregistrer l&rsquo;image sous &#8230;.. )<\/span><br \/>\n<span style=\"font-size: 10pt;\">Attention : les tailles des photos peuvent \u00eatre tr\u00e8s vari\u00e9es , de \u00ab\u00a0miniatures\u00a0\u00bb jusqu&rsquo;\u00e0 des formats de 3000 x 2400 environ, donc de plus de 4Mo !<\/span><\/span><\/td>\n<\/tr>\n<\/tbody>\n<\/table>\n<p>&nbsp;<\/p>\n<table class=\"aligncenter\" style=\"width: 90%; text-align: center; background-color: #9eb0ac;\" border=\"1\" cellpadding=\"3\">\n<tbody>\n<tr style=\"height: 25px;\">\n<td style=\"width: 12%;\"><span style=\"font-size: 12pt;\"><a href=\"https:\/\/golf-entreprise-ara.org\/photos-archives\/2017\/thumb.html\" target=\"_blank\" rel=\"noopener\">2017<\/a><\/span><\/td>\n<td style=\"width: 12%;\"><span style=\"font-size: 12pt;\"><a href=\"https:\/\/golf-entreprise-ara.org\/photos-archives\/2016\/thumb.html\" target=\"_blank\" rel=\"noopener\">2016<\/a><\/span><\/td>\n<td style=\"width: 12%;\"><span style=\"font-size: 12pt;\"><a href=\"https:\/\/golf-entreprise-ara.org\/photos-archives\/2015-1\/thumb.html\" target=\"_blank\" rel=\"noopener\">2015 &#8211; 1<\/a><\/span><\/td>\n<td style=\"width: 12%;\"><span style=\"font-size: 12pt;\"><a href=\"https:\/\/golf-entreprise-ara.org\/photos-archives\/2015-2\/thumb.html\" target=\"_blank\" rel=\"noopener\">2015 &#8211; 2<\/a><\/span><\/td>\n<\/tr>\n<tr style=\"height: 25px;\">\n<td style=\"width: 12%;\"><span style=\"font-size: 12pt;\"><a href=\"https:\/\/golf-entreprise-ara.org\/photos-archives\/2014-1\/thumb.html\" target=\"_blank\" rel=\"noopener\">2014 &#8211; 1<\/a><\/span><\/td>\n<td style=\"width: 12%;\"><span style=\"font-size: 12pt;\"><a href=\"https:\/\/golf-entreprise-ara.org\/photos-archives\/2014-2\/thumb.html\" target=\"_blank\" rel=\"noopener\">2014 &#8211; 2<\/a><\/span><\/td>\n<td style=\"width: 12%;\"><span style=\"font-size: 12pt;\"><a href=\"https:\/\/golf-entreprise-ara.org\/photos-archives\/2013\/thumb.html\" target=\"_blank\" rel=\"noopener\">2013<\/a><\/span><\/td>\n<td style=\"width: 12%;\"><span style=\"font-size: 12pt;\"><a href=\"https:\/\/golf-entreprise-ara.org\/photos-archives\/2012-2004\/thumb.html\" target=\"_blank\" rel=\"noopener\">2012-2004<\/a><\/span><\/td>\n<\/tr>\n<\/tbody>\n<\/table>\n<p>&nbsp;<\/p>\n","protected":false},"excerpt":{"rendered":"<p>Depuis 2018, les photos sont en ligne sous Flickr Toutes les photos avant 2018 sont&#8230;<\/p>\n","protected":false},"author":3,"featured_media":0,"parent":0,"menu_order":0,"comment_status":"closed","ping_status":"closed","template":"","meta":{"footnotes":""},"class_list":["post-2402","page","type-page","status-publish","hentry"],"_links":{"self":[{"href":"https:\/\/golf-entreprise-ara.org\/wpara\/wp-json\/wp\/v2\/pages\/2402","targetHints":{"allow":["GET"]}}],"collection":[{"href":"https:\/\/golf-entreprise-ara.org\/wpara\/wp-json\/wp\/v2\/pages"}],"about":[{"href":"https:\/\/golf-entreprise-ara.org\/wpara\/wp-json\/wp\/v2\/types\/page"}],"author":[{"embeddable":true,"href":"https:\/\/golf-entreprise-ara.org\/wpara\/wp-json\/wp\/v2\/users\/3"}],"replies":[{"embeddable":true,"href":"https:\/\/golf-entreprise-ara.org\/wpara\/wp-json\/wp\/v2\/comments?post=2402"}],"version-history":[{"count":26,"href":"https:\/\/golf-entreprise-ara.org\/wpara\/wp-json\/wp\/v2\/pages\/2402\/revisions"}],"predecessor-version":[{"id":6786,"href":"https:\/\/golf-entreprise-ara.org\/wpara\/wp-json\/wp\/v2\/pages\/2402\/revisions\/6786"}],"wp:attachment":[{"href":"https:\/\/golf-entreprise-ara.org\/wpara\/wp-json\/wp\/v2\/media?parent=2402"}],"curies":[{"name":"wp","href":"https:\/\/api.w.org\/{rel}","templated":true}]}}