{"id":2193,"date":"2018-11-03T16:10:44","date_gmt":"2018-11-03T15:10:44","guid":{"rendered":"http:\/\/golf-entreprise-ara.org\/wpara\/?page_id=2193"},"modified":"2026-04-01T10:29:47","modified_gmt":"2026-04-01T08:29:47","slug":"asge-classement","status":"publish","type":"page","link":"https:\/\/golf-entreprise-ara.org\/wpara\/asge-classement\/","title":{"rendered":"ASGE Classements"},"content":{"rendered":"<p>&nbsp;<\/p>\n<table style=\"width: 100%; font-size: 10pt; font-weight: bold; border-collapse: collapse; border-color: #453333; border-style: hidden;\" border=\"0\">\n<tbody>\n<tr style=\"border-color: #000000; height: 16px; text-align: center;\">\n<td style=\"width: 11%; border-radius: 8px 0px 0px 8px; background-color: #131980;\"><span style=\"color: #ffffff;\"><a style=\"color: #ffffff;\" href=\"https:\/\/golf-entreprise-ara.org\/wpara\/asge-calendrier\">CALENDRIER<\/a><\/span><\/td>\n<td style=\"width: 11%; background-color: #838787;\"><a style=\"color: #ffffff;\" href=\"https:\/\/golf-entreprise-ara.org\/wpara\/asge-clubs\">CLUBS ASGE<\/a><\/td>\n<td style=\"width: 11%; background-color: #ff5733;\"><a style=\"color: #ffffff;\" href=\"https:\/\/golf-entreprise-ara.org\/wpara\/asge-divisions\">DIVISIONS<\/a><\/td>\n<td style=\"width: 11%; background-color: #d99eb3;\"><a style=\"color: #ffffff;\" href=\"https:\/\/golf-entreprise-ara.org\/wpara\/asge-div1\/\">DIVISION 1<\/a><\/td>\n<td style=\"width: 11%; background-color: #78d461;\"><a style=\"color: #ffffff;\" href=\"https:\/\/golf-entreprise-ara.org\/wpara\/asge-div2A-est\/\">DIVISION 2A<br \/>\nEST<\/a><\/td>\n<td style=\"width: 11%; background-color: #facf11;\"><a style=\"color: #ffffff;\" href=\"https:\/\/golf-entreprise-ara.org\/wpara\/asge-div2B-ouest\/\">DIVISION 2B<br \/>\nOUEST<\/a><\/td>\n<td style=\"width: 11%; background-color: #f53f7c;\"><a style=\"color: #ffffff;\" href=\"https:\/\/golf-entreprise-ara.org\/wpara\/asge-troph\/\">TROPHEE<\/a><\/td>\n<td style=\"width: 11%; background-color: #90b0f0;\"><a style=\"color: #ffffff;\" href=\"https:\/\/golf-entreprise-ara.org\/wpara\/asge-finale-cloture\/\">FINALE<br \/>\nCLOTURE<\/a><\/td>\n<td style=\"width: 11%; border-radius: 0px 8px 8px 0px; background-color: #ffc961;\"><a style=\"color: #ffffff;\" href=\"https:\/\/golf-entreprise-ara.org\/wpara\/asge-classement\/\">CLASSEMENTS<\/a><\/td>\n<\/tr>\n<\/tbody>\n<\/table>\n<table style=\"width: 100%; background-color: transparent; text-align: center; font-size: 10pt;\" border=\"1\" cellspacing=\"1\" cellpadding=\"2\">\n<tbody>\n<tr style=\"background-color: #ccffff;\">\n<td style=\"width: 20%;\"><strong>Championnat par<\/strong><br \/>\n<strong>\u00e9quipe<\/strong><\/td>\n<td style=\"width: 20%; background-color: #d99eb3;\"><strong><a href=\"https:\/\/golf-entreprise-ara.org\/wpara\/test-resultat-google-sheet?sheetId=2PACX-1vRKTWeF6kYeA-Ke6fG8-p-dKG8ZUZVU2OX2V3qxEh4KcOn1QlUFPTql5OkQvPSumv-ehY8CxI2-MsVB&amp;sheetTab=1745336143\" target=\"_blank\" rel=\"noopener\">Division 1<\/a><\/strong><\/td>\n<td style=\"width: 20%; background-color: #78d461;\"><strong><a href=\"https:\/\/golf-entreprise-ara.org\/wpara\/test-resultat-google-sheet?sheetId=2PACX-1vSCBiIYExw6_FPOma9oBcXsE4t8ljwOG93GFoPYd9db78FerNQG0GcASRP_FSeEjo-shzYGHiyOPwhO&amp;sheetTab=1745336143\" target=\"_blank\" rel=\"noopener\">Div2A-Est<\/a><\/strong><\/td>\n<td style=\"width: 20%; background-color: #facf11;\"><strong><a href=\"https:\/\/golf-entreprise-ara.org\/wpara\/test-resultat-google-sheet?sheetId=2PACX-1vSis_9iYAYbHT5Dwc8ddBL81QJ2CCA4VohAaxdqV5OaTh1Vdo--MWYCa0HyP9nMOUX3KDc7iv78wzzS&amp;sheetTab=1745336143\" target=\"_blank\" rel=\"noopener\">Div2B-Ouest<\/a><\/strong><\/td>\n<td style=\"width: 20%; background-color: #e6e8e1;\"><strong><a href=\"https:\/\/golf-entreprise-ara.org\/wpara\/test-resultat-google-sheet?sheetId=2PACX-1vR2gIwEiqoEcX0ffsn804P1RiwcdW2uuA4ACtuCzB8bsaIumax2ey7WmRKUj-XBwOEQ6JLfLdwwjGDn&amp;sheetTab=1745336143\" target=\"_blank\" rel=\"noopener\">Finale<\/a><\/strong><\/td>\n<\/tr>\n<tr style=\"background-color: #ccffff;\">\n<td style=\"height: 30%; width: 100%;\" colspan=\"5\"><strong>Les 5 premi\u00e8res \u00e9quipes de chaque division sont qualifi\u00e9es pour la finale du championnat<br \/>\n<span id=\"page82R_mcid83\" class=\"markedContent\"><span dir=\"ltr\" role=\"presentation\">Somme des 4 meilleurs r\u00e9sultats de chaque club (sur 6 possibles)<\/span><\/span><br \/>\n<\/strong><\/td>\n<\/tr>\n<tr>\n<td style=\"height: 30%; width: 100%;\" colspan=\"5\"><\/td>\n<\/tr>\n<tr style=\"background-color: #ffff99; height: 25%;\">\n<td style=\"width: 20%;\"><strong>Championnat<\/strong><br \/>\n<strong>individuel \u00a0\u00a0 brut<\/strong><\/td>\n<td style=\"background-color: #d99eb3; width: 20%;\"><strong><a href=\"https:\/\/golf-entreprise-ara.org\/wpara\/test-resultat-google-sheet?sheetId=2PACX-1vRKTWeF6kYeA-Ke6fG8-p-dKG8ZUZVU2OX2V3qxEh4KcOn1QlUFPTql5OkQvPSumv-ehY8CxI2-MsVB&amp;sheetTab=1001812699\" target=\"_blank\" rel=\"noopener\">Division 1<\/a><\/strong><\/td>\n<td style=\"width: 20%; background-color: #78d461;\"><strong><a href=\"https:\/\/golf-entreprise-ara.org\/wpara\/test-resultat-google-sheet?sheetId=2PACX-1vSCBiIYExw6_FPOma9oBcXsE4t8ljwOG93GFoPYd9db78FerNQG0GcASRP_FSeEjo-shzYGHiyOPwhO&amp;sheetTab=1001812699\" target=\"_blank\" rel=\"noopener\">Div2A-Est<\/a><\/strong><\/td>\n<td style=\"width: 20%; background-color: #facf11;\"><strong><a href=\"https:\/\/golf-entreprise-ara.org\/wpara\/test-resultat-google-sheet?sheetId=2PACX-1vSis_9iYAYbHT5Dwc8ddBL81QJ2CCA4VohAaxdqV5OaTh1Vdo--MWYCa0HyP9nMOUX3KDc7iv78wzzS&amp;sheetTab=1001812699\" target=\"_blank\" rel=\"noopener\">Div2B-Ouest<\/a><\/strong><\/td>\n<td style=\"width: 20%; background-color: #fffff2;\"><\/td>\n<\/tr>\n<tr style=\"background-color: #ffff99;\">\n<td style=\"width: 20%;\"><strong>Championnat<\/strong><br \/>\n<strong>individuel\u00a0\u00a0\u00a0 net<\/strong><\/td>\n<td style=\"background-color: #d99eb3; width: 20%;\"><strong><a href=\"https:\/\/golf-entreprise-ara.org\/wpara\/test-resultat-google-sheet?sheetId=2PACX-1vRKTWeF6kYeA-Ke6fG8-p-dKG8ZUZVU2OX2V3qxEh4KcOn1QlUFPTql5OkQvPSumv-ehY8CxI2-MsVB&amp;sheetTab=855862482\" target=\"_blank\" rel=\"noopener\">Division 1<\/a><\/strong><\/td>\n<td style=\"width: 20%; background-color: #78d461;\"><strong><a href=\"https:\/\/golf-entreprise-ara.org\/wpara\/test-resultat-google-sheet?sheetId=2PACX-1vSCBiIYExw6_FPOma9oBcXsE4t8ljwOG93GFoPYd9db78FerNQG0GcASRP_FSeEjo-shzYGHiyOPwhO&amp;sheetTab=855862482\" target=\"_blank\" rel=\"noopener\">Div2A-Est<\/a><\/strong><\/td>\n<td style=\"width: 20%; background-color: #facf11;\"><strong><a href=\"https:\/\/golf-entreprise-ara.org\/wpara\/test-resultat-google-sheet?sheetId=2PACX-1vSis_9iYAYbHT5Dwc8ddBL81QJ2CCA4VohAaxdqV5OaTh1Vdo--MWYCa0HyP9nMOUX3KDc7iv78wzzS&amp;sheetTab=855862482\" target=\"_blank\" rel=\"noopener\">Div2B-Ouest<\/a><\/strong><\/td>\n<td style=\"width: 20%; background-color: #fffff7;\"><\/td>\n<\/tr>\n<tr style=\"background-color: #ffffff;\">\n<td style=\"height: 10%; width: 100%;\" colspan=\"5\"><\/td>\n<\/tr>\n<tr style=\"background-color: #e6e357; height: 35px;\">\n<td style=\"height: 20%; background-color: #e6e357; width: 20%;\"><strong>Troph\u00e9e<\/strong><\/td>\n<td style=\"background-color: #e6e357; width: 20%;\"><strong><a href=\"https:\/\/golf-entreprise-ara.org\/wpara\/test-resultat-google-sheet?sheetId=2PACX-1vRdXajx3SiKE5TLDSBU4tFTyOfZQFfsszX-BhFF_gjmQDyI0w4Nem7gZ6WQqB3eUSDzhArMQmKWXsOr&amp;sheetTab=833739462\" target=\"_blank\" rel=\"noopener\">Troph\u00e9e Net<\/a><\/strong><\/td>\n<td style=\"background-color: #e6e357; width: 20%;\"><strong><a href=\"https:\/\/golf-entreprise-ara.org\/wpara\/test-resultat-google-sheet?sheetId=2PACX-1vRdXajx3SiKE5TLDSBU4tFTyOfZQFfsszX-BhFF_gjmQDyI0w4Nem7gZ6WQqB3eUSDzhArMQmKWXsOr&amp;sheetTab=1745336143\" target=\"_blank\" rel=\"noopener\">Troph\u00e9e Brut<\/a><\/strong><\/td>\n<td style=\"background-color: #fffff7; width: 20%;\"><strong>\u00a0<\/strong><\/td>\n<td style=\"background-color: #fffff7; width: 20%;\"><strong>\u00a0<\/strong><\/td>\n<\/tr>\n<\/tbody>\n<\/table>\n<p><a href=\"https:\/\/www.flickr.com\/photos\/golf-entreprises\/albums\" target=\"_blank\" rel=\"noopener noreferrer\">PHOTOS<\/a> \u00a0 \u00a0 \u00a0 \u00a0 \u00a0 \u00a0 \u00a0 \u00a0 \u00a0 \u00a0 \u00a0 \u00a0 \u00a0 \u00a0 \u00a0 \u00a0 \u00a0\u00a0 <a href=\"https:\/\/golf-entreprise-ara.org\/wpara\/photos-asge\/\">PHOTOS ASGE ARCHIVES<\/a><\/p>\n<p><span style=\"font-size: 14pt;\"><strong>ARCHIVES DES CLASSEMENTS<\/strong><\/span><\/p>\n<table style=\"width: 100%; background-color: transparent; text-align: center; font-size: 10pt;\" border=\"1\" cellspacing=\"1\" cellpadding=\"2\">\n<tbody>\n<tr>\n<td><a href=\"https:\/\/www.golf-entreprise-ara.org\/ronalp\/ASGE\/ARCHIVES\/classements-2022.pdf\" target=\"_blank\" rel=\"noopener\">2022<\/a><\/td>\n<td><a href=\"https:\/\/www.golf-entreprise-ara.org\/ronalp\/ASGE\/ARCHIVES\/classements-2023.pdf\" target=\"_blank\" rel=\"noopener\">2023<\/a><\/td>\n<td><a href=\"https:\/\/www.golf-entreprise-ara.org\/ronalp\/ASGE\/ARCHIVES\/classements-2024.pdf\">2024<\/a><\/td>\n<td><a href=\"https:\/\/www.golf-entreprise-ara.org\/ronalp\/ASGE\/ARCHIVES\/classements-2025.pdf\">2025<\/a><\/td>\n<td><\/td>\n<td><\/td>\n<td><\/td>\n<td><\/td>\n<td><\/td>\n<td><\/td>\n<\/tr>\n<tr style=\"width: 14%; text-align: center; vertical-align: middle;\">\n<td><a href=\"https:\/\/www.golf-entreprise-ara.org\/ronalp\/ASGE\/ARCHIVES\/classements-2021.pdf\" target=\"_blank\" rel=\"noopener\">2021<\/a><\/td>\n<td><!-- <a href=\"https:\/\/www.golf-entreprise-ara.org\/ronalp\/ASGE\/ARCHIVES\/classements-2019.pdf\" target=\"_blank\" rel=\"noopener\">2020<\/a> --> 2020<\/td>\n<td><a href=\"https:\/\/www.golf-entreprise-ara.org\/ronalp\/ASGE\/ARCHIVES\/classements-2019.pdf\" target=\"_blank\" rel=\"noopener\">2019<\/a><\/td>\n<td><a href=\"https:\/\/www.golf-entreprise-ara.org\/ronalp\/ASGE\/ARCHIVES\/classements-2018.pdf\" target=\"_blank\" rel=\"noopener\">2018<\/a><\/td>\n<td><a href=\"https:\/\/www.golf-entreprise-ara.org\/ronalp\/ASGE\/ARCHIVES\/classements-2017.pdf\" target=\"_blank\" rel=\"noopener\">2017<\/a><\/td>\n<td><a href=\"https:\/\/www.golf-entreprise-ara.org\/ronalp\/ASGE\/ARCHIVES\/classements-2016.pdf\" target=\"_blank\" rel=\"noopener\">2016<\/a><\/td>\n<td><a href=\"https:\/\/www.golf-entreprise-ara.org\/ronalp\/ASGE\/ARCHIVES\/classements-2015.pdf\" target=\"_blank\" rel=\"noopener\">2015<\/a><\/td>\n<td><a href=\"https:\/\/www.golf-entreprise-ara.org\/ronalp\/ASGE\/ARCHIVES\/classements-2014.pdf\" target=\"_blank\" rel=\"noopener\">2014<\/a><\/td>\n<td><a href=\"https:\/\/www.golf-entreprise-ara.org\/ronalp\/ASGE\/ARCHIVES\/classements-2013.pdf\" target=\"_blank\" rel=\"noopener\">2013<\/a><\/td>\n<td><a href=\"https:\/\/www.golf-entreprise-ara.org\/ronalp\/ASGE\/ARCHIVES\/classements-2012.pdf\" target=\"_blank\" rel=\"noopener\">2012<\/a><\/td>\n<\/tr>\n<tr style=\"width: 10%; text-align: center; vertical-align: middle;\">\n<td><a href=\"https:\/\/www.golf-entreprise-ara.org\/ronalp\/ASGE\/ARCHIVES\/classements-2011.pdf\" target=\"_blank\" rel=\"noopener\">2011<\/a><\/td>\n<td><a href=\"https:\/\/www.golf-entreprise-ara.org\/ronalp\/ASGE\/ARCHIVES\/classements-2010.pdf\" target=\"_blank\" rel=\"noopener\">2010<\/a><\/td>\n<td><a href=\"https:\/\/www.golf-entreprise-ara.org\/ronalp\/ASGE\/ARCHIVES\/classements-2009.pdf\" target=\"_blank\" rel=\"noopener\">2009<\/a><\/td>\n<td><a href=\"https:\/\/www.golf-entreprise-ara.org\/ronalp\/ASGE\/ARCHIVES\/classements-2008.pdf\" target=\"_blank\" rel=\"noopener\">2008<\/a><\/td>\n<td><a href=\"https:\/\/www.golf-entreprise-ara.org\/ronalp\/ASGE\/ARCHIVES\/classements-2007.pdf\" target=\"_blank\" rel=\"noopener\">2007<\/a><\/td>\n<td><a href=\"https:\/\/www.golf-entreprise-ara.org\/ronalp\/ASGE\/ARCHIVES\/classements-2006.pdf\" target=\"_blank\" rel=\"noopener\">2006<\/a><\/td>\n<td><a href=\"https:\/\/www.golf-entreprise-ara.org\/ronalp\/ASGE\/ARCHIVES\/classements-2005.pdf\" target=\"_blank\" rel=\"noopener\">2005<\/a><\/td>\n<td><a href=\"https:\/\/www.golf-entreprise-ara.org\/ronalp\/ASGE\/ARCHIVES\/classements-2004.pdf\" target=\"_blank\" rel=\"noopener\">2004<\/a><\/td>\n<td><a href=\"https:\/\/www.golf-entreprise-ara.org\/ronalp\/ASGE\/ARCHIVES\/classements-2003.pdf\" target=\"_blank\" rel=\"noopener\">2003<\/a><\/td>\n<td><a href=\"https:\/\/www.golf-entreprise-ara.org\/ronalp\/ASGE\/ARCHIVES\/classements-2002.pdf\" target=\"_blank\" rel=\"noopener\">2002<\/a><\/td>\n<\/tr>\n<\/tbody>\n<\/table>\n<p>&nbsp;<\/p>\n","protected":false},"excerpt":{"rendered":"<p>&nbsp; CALENDRIER CLUBS ASGE DIVISIONS DIVISION 1 DIVISION 2A EST DIVISION 2B OUEST TROPHEE FINALE&#8230;<\/p>\n","protected":false},"author":3,"featured_media":0,"parent":0,"menu_order":0,"comment_status":"closed","ping_status":"closed","template":"","meta":{"footnotes":""},"class_list":["post-2193","page","type-page","status-publish","hentry"],"_links":{"self":[{"href":"https:\/\/golf-entreprise-ara.org\/wpara\/wp-json\/wp\/v2\/pages\/2193","targetHints":{"allow":["GET"]}}],"collection":[{"href":"https:\/\/golf-entreprise-ara.org\/wpara\/wp-json\/wp\/v2\/pages"}],"about":[{"href":"https:\/\/golf-entreprise-ara.org\/wpara\/wp-json\/wp\/v2\/types\/page"}],"author":[{"embeddable":true,"href":"https:\/\/golf-entreprise-ara.org\/wpara\/wp-json\/wp\/v2\/users\/3"}],"replies":[{"embeddable":true,"href":"https:\/\/golf-entreprise-ara.org\/wpara\/wp-json\/wp\/v2\/comments?post=2193"}],"version-history":[{"count":118,"href":"https:\/\/golf-entreprise-ara.org\/wpara\/wp-json\/wp\/v2\/pages\/2193\/revisions"}],"predecessor-version":[{"id":8413,"href":"https:\/\/golf-entreprise-ara.org\/wpara\/wp-json\/wp\/v2\/pages\/2193\/revisions\/8413"}],"wp:attachment":[{"href":"https:\/\/golf-entreprise-ara.org\/wpara\/wp-json\/wp\/v2\/media?parent=2193"}],"curies":[{"name":"wp","href":"https:\/\/api.w.org\/{rel}","templated":true}]}}