{"id":2168,"date":"2022-12-17T15:32:00","date_gmt":"2022-12-17T14:32:00","guid":{"rendered":"http:\/\/golf-entreprise-ara.org\/wpara\/?page_id=2168"},"modified":"2024-10-31T18:13:55","modified_gmt":"2024-10-31T17:13:55","slug":"asge-epreuves","status":"publish","type":"page","link":"https:\/\/golf-entreprise-ara.org\/wpara\/asge-epreuves\/","title":{"rendered":"ASGE Comp\u00e9titions"},"content":{"rendered":"<p><strong>L\u2019Activit\u00e9 Senior Golf Entreprise<\/strong> (A.S.G.E.) organise des \u00e9preuves de Mars \u00e0 Octobre, destin\u00e9es aux joueurs de tous les niveaux, sur tous les parcours de la r\u00e9gion<\/p>\n<p>Plus de 39 associations participent \u00e0 ces comp\u00e9titions<\/p>\n<p><strong>Calendrier des \u00e9preuves :\u00a0 de Mars \u00e0\u00a0Octobre<\/strong><\/p>\n<table style=\"width: 100%; font-size: 10pt; font-weight: bold; border-collapse: collapse; border-color: #453333; border-style: hidden;\" border=\"0\">\n<tbody>\n<tr style=\"border-color: #000000; height: 16px; text-align: center;\">\n<td style=\"width: 11%; border-radius: 8px 0px 0px 8px; background-color: #131980;\"><span style=\"color: #ffffff;\"><a style=\"color: #ffffff;\" href=\"https:\/\/golf-entreprise-ara.org\/wpara\/asge-calendrier\">CALENDRIER<\/a><\/span><\/td>\n<td style=\"width: 11%; background-color: #838787;\"><a style=\"color: #ffffff;\" href=\"https:\/\/golf-entreprise-ara.org\/wpara\/asge-clubs\">CLUBS ASGE<\/a><\/td>\n<td style=\"width: 11%; background-color: #ff5733;\"><a style=\"color: #ffffff;\" href=\"https:\/\/golf-entreprise-ara.org\/wpara\/asge-divisions\">DIVISIONS<\/a><\/td>\n<td style=\"width: 11%; background-color: #d99eb3;\"><a style=\"color: #ffffff;\" href=\"https:\/\/golf-entreprise-ara.org\/wpara\/asge-div1\/\">DIVISION 1<\/a><\/td>\n<td style=\"width: 11%; background-color: #78d461;\"><a style=\"color: #ffffff;\" href=\"https:\/\/golf-entreprise-ara.org\/wpara\/asge-div2A-est\/\">DIVISION 2A<br \/>\nEST<\/a><\/td>\n<td style=\"width: 11%; background-color: #facf11;\"><a style=\"color: #ffffff;\" href=\"https:\/\/golf-entreprise-ara.org\/wpara\/asge-div2B-ouest\/\">DIVISION 2B<br \/>\nOUEST<\/a><\/td>\n<td style=\"width: 11%; background-color: #f53f7c;\"><a style=\"color: #ffffff;\" href=\"https:\/\/golf-entreprise-ara.org\/wpara\/asge-troph\/\">TROPHEE<\/a><\/td>\n<td style=\"width: 11%; background-color: #90b0f0;\"><a style=\"color: #ffffff;\" href=\"https:\/\/golf-entreprise-ara.org\/wpara\/asge-finale-cloture\/\">FINALE<br \/>\nCLOTURE<\/a><\/td>\n<td style=\"width: 11%; border-radius: 0px 8px 8px 0px; background-color: #ffc961;\"><a style=\"color: #ffffff;\" href=\"https:\/\/golf-entreprise-ara.org\/wpara\/asge-classement\/\">CLASSEMENTS<\/a><\/td>\n<\/tr>\n<\/tbody>\n<\/table>\n<ul>\n<li>Le <a href=\"https:\/\/golf-entreprise-ara.org\/wpara\/asge-dep-result\/\"><strong>Championnat<\/strong><\/a><strong>,<\/strong> disput\u00e9 en stableford, regroupe les associations dans 3<strong><a href=\"https:\/\/golf-entreprise-ara.org\/wpara\/asge-divisions\/\"> divisions<\/a><\/strong><\/li>\n<li>Le <a href=\"https:\/\/golf-entreprise-ara.org\/wpara\/asge-troph\/\"><strong>Troph\u00e9e<\/strong><\/a> favorise le jeu en \u00e9quipe par un 4 balles<\/li>\n<li><strong><a href=\"https:\/\/golf-entreprise-ara.org\/wpara\/asge-finale-cloture\/\"><strong>Finale et cl\u00f4ture <\/strong><\/a><\/strong>: Finale du championnat et journ\u00e9e loisirs<\/li>\n<\/ul>\n<table style=\"height: 20px; width: 100%; border-radius: 8px 8px 8px 8px; background-color: #9aa4a6; border-style: hidden;\" border=\"0\">\n<tbody>\n<tr style=\"font-size: 10pt; text-align: center;\">\n<td style=\"width: 33%; height: 30px;\"><a style=\"color: #ffffff;\" href=\"https:\/\/golf-entreprise-ara.org\/wpara\/asge-classement\/\">CLASSEMENTS COMPLETS<\/a><\/td>\n<td style=\"width: 33%; height: 30px;\"><a style=\"color: #ffffff;\" href=\"https:\/\/www.golf-entreprise-ara.org\/datas\/asge_vademecum.pdf\" target=\"_blank\" rel=\"noopener\">REGLEMENT<\/a><\/td>\n<td style=\"width: 33%; height: 30px;\"><a style=\"color: #ffffff;\" href=\"https:\/\/golf-entreprise-ara.org\/wpara\/doc_resp_asge\/\">TARIFS &amp; INFOS<\/a><\/td>\n<\/tr>\n<\/tbody>\n<\/table>\n","protected":false},"excerpt":{"rendered":"<p>L\u2019Activit\u00e9 Senior Golf Entreprise (A.S.G.E.) organise des \u00e9preuves de Mars \u00e0 Octobre, destin\u00e9es aux joueurs&#8230;<\/p>\n","protected":false},"author":3,"featured_media":0,"parent":0,"menu_order":0,"comment_status":"closed","ping_status":"closed","template":"","meta":{"footnotes":""},"class_list":["post-2168","page","type-page","status-publish","hentry"],"_links":{"self":[{"href":"https:\/\/golf-entreprise-ara.org\/wpara\/wp-json\/wp\/v2\/pages\/2168","targetHints":{"allow":["GET"]}}],"collection":[{"href":"https:\/\/golf-entreprise-ara.org\/wpara\/wp-json\/wp\/v2\/pages"}],"about":[{"href":"https:\/\/golf-entreprise-ara.org\/wpara\/wp-json\/wp\/v2\/types\/page"}],"author":[{"embeddable":true,"href":"https:\/\/golf-entreprise-ara.org\/wpara\/wp-json\/wp\/v2\/users\/3"}],"replies":[{"embeddable":true,"href":"https:\/\/golf-entreprise-ara.org\/wpara\/wp-json\/wp\/v2\/comments?post=2168"}],"version-history":[{"count":92,"href":"https:\/\/golf-entreprise-ara.org\/wpara\/wp-json\/wp\/v2\/pages\/2168\/revisions"}],"predecessor-version":[{"id":7734,"href":"https:\/\/golf-entreprise-ara.org\/wpara\/wp-json\/wp\/v2\/pages\/2168\/revisions\/7734"}],"wp:attachment":[{"href":"https:\/\/golf-entreprise-ara.org\/wpara\/wp-json\/wp\/v2\/media?parent=2168"}],"curies":[{"name":"wp","href":"https:\/\/api.w.org\/{rel}","templated":true}]}}